{"id":12,"date":"2023-02-03T17:39:03","date_gmt":"2023-02-03T17:39:03","guid":{"rendered":"https:\/\/bocaboca.pt\/?page_id=12"},"modified":"2024-03-23T13:22:03","modified_gmt":"2024-03-23T13:22:03","slug":"boca","status":"publish","type":"page","link":"https:\/\/bocaboca.pt\/en\/boca\/","title":{"rendered":"Boca a Boca"},"content":{"rendered":"<div data-elementor-type=\"wp-page\" data-elementor-id=\"12\" class=\"elementor elementor-12\" data-elementor-post-type=\"page\">\n\t\t\t\t<div data-section-luminosity=\"dark\" class=\"elementor-element elementor-element-398b95b1 e-con-full e-flex e-con e-parent\" data-id=\"398b95b1\" data-element_type=\"container\" data-e-type=\"container\" data-settings=\"{&quot;background_background&quot;:&quot;classic&quot;}\">\n\t\t<div class=\"elementor-element elementor-element-837692f e-con-full e-flex e-con e-child\" data-id=\"837692f\" data-element_type=\"container\" data-e-type=\"container\">\n\t\t\t\t<div class=\"elementor-element elementor-element-3fefc1a elementor-widget-mobile__width-inherit elementor-widget elementor-widget-ld_fancy_image\" data-id=\"3fefc1a\" data-element_type=\"widget\" data-e-type=\"widget\" data-settings=\"{&quot;motion_fx_motion_fx_scrolling&quot;:&quot;yes&quot;,&quot;sticky&quot;:&quot;top&quot;,&quot;motion_fx_devices&quot;:[&quot;desktop&quot;,&quot;tablet&quot;,&quot;mobile&quot;],&quot;sticky_on&quot;:[&quot;desktop&quot;,&quot;tablet&quot;,&quot;mobile&quot;],&quot;sticky_offset&quot;:0,&quot;sticky_effects_offset&quot;:0,&quot;sticky_anchor_link_offset&quot;:0}\" data-widget_type=\"ld_fancy_image.default\">\n\t\t\t\t<div class=\"elementor-widget-container\">\n\t\t\t\t\t\n\t\t<div class=\"lqd-imggrp-single d-block pos-rel\">\n\t\t\t<div class=\"lqd-imggrp-img-container d-inline-flex pos-rel align-items-center justify-content-center\">\n\t\t\t\t\t\t\t\t<figure class=\"w-100 pos-rel\">\n\t\t\t\t\t<img fetchpriority=\"high\" decoding=\"async\" width=\"738\" height=\"734\" src=\"https:\/\/bocaboca.pt\/wp-content\/uploads\/2023\/02\/logo_boca_branco-03.png\" class=\"attachment-full size-full wp-image-46\" alt=\"\" srcset=\"https:\/\/bocaboca.pt\/wp-content\/uploads\/2023\/02\/logo_boca_branco-03.png 738w, https:\/\/bocaboca.pt\/wp-content\/uploads\/2023\/02\/logo_boca_branco-03-300x298.png 300w, https:\/\/bocaboca.pt\/wp-content\/uploads\/2023\/02\/logo_boca_branco-03-150x150.png 150w, https:\/\/bocaboca.pt\/wp-content\/uploads\/2023\/02\/logo_boca_branco-03-500x497.png 500w, https:\/\/bocaboca.pt\/wp-content\/uploads\/2023\/02\/logo_boca_branco-03-12x12.png 12w\" sizes=\"(max-width: 738px) 100vw, 738px\" itemprop=\"image\" \/>\t\t\t\t\t\t\t\t\t\t\t\t\t\t\t\t\t\t\t\t\t\t\t\t\t\t\t\t\t<\/figure>\n\t\t\t<\/div>\n\t\t<\/div>\n\n\t\t\t\t\t<\/div>\n\t\t\t\t<\/div>\n\t\t\t\t<\/div>\n\t\t<div class=\"elementor-element elementor-element-fb1fc89 e-con-full e-flex e-con e-child\" data-id=\"fb1fc89\" data-element_type=\"container\" data-e-type=\"container\">\n\t\t\t\t<div class=\"elementor-element elementor-element-ba9747f elementor-widget__width-inherit elementor-widget elementor-widget-ld_text_reveal\" data-id=\"ba9747f\" data-element_type=\"widget\" data-e-type=\"widget\" data-widget_type=\"ld_text_reveal.default\">\n\t\t\t\t<div class=\"elementor-widget-container\">\n\t\t\t\t\t<h3 class=\"lqd-text-reveal-el mt-0 mb-0\" data-split-text=\"true\" data-split-options=\"{&quot;type&quot;:&quot;words, chars&quot;}\" data-parallax=\"true\" data-parallax-options=\"{&quot;disableOnMobile&quot;:false,&quot;parallaxTargets&quot;:&quot;.lqd-chars, figure&quot;,&quot;start&quot;:&quot;top&quot;,&quot;end&quot;:&quot;top&quot;,&quot;scrub&quot;:3,&quot;skipWillChange&quot;:true}\" data-parallax-from=\"{&quot;opacity&quot;:1}\" data-parallax-to=\"{&quot;opacity&quot;:1,&quot;stagger&quot;:{&quot;from&quot;:&quot;start&quot;,&quot;each&quot;:1}}\"><span class=\"lqd-adv-txt-item elementor-repeater-item-219b207\">O que \u00e9 preciso para te<br> levar a jantar?<\/span><\/h3>\t\t\t\t<\/div>\n\t\t\t\t<\/div>\n\t\t<div class=\"elementor-element elementor-element-b1b353c e-con-full e-flex e-con e-child\" data-id=\"b1b353c\" data-element_type=\"container\" data-e-type=\"container\">\n\t\t\t\t<div class=\"elementor-element elementor-element-d89553 elementor-mobile-align-center elementor-widget elementor-widget-ld_button\" data-id=\"d89553\" data-element_type=\"widget\" data-e-type=\"widget\" data-widget_type=\"ld_button.default\">\n\t\t\t\t<div class=\"elementor-widget-container\">\n\t\t\t\t\t\n\t\t\t<a\n\t\t\t\thref=\"mailto:ola@bocaboca.pt\" target=\"_blank\" rel=\"nofollow\"class=\"elementor-button btn btn-solid btn-sm btn-icon-block btn-icon-top btn-has-label\"\t\t\t>\n\t\t\t\t\t\t\t\t\t<span data-text=\"OLA@BOCABOCA.PT\" class=\"btn-txt\">\n\t\t\t\t\t\tOLA@BOCABOCA.PT\t\t\t\t\t<\/span>\n\t\t\t\t\t\t\t\t\t\t\t\t\t\t<span class=\"btn-icon\">\n\t\t\t\t\t\t\t\t\t\t\t\t\t<\/span>\n\t\t\t\t\t\t\t\t\t<\/a>\n\t\t\t\t\t\t\t<\/div>\n\t\t\t\t<\/div>\n\t\t\t\t<div class=\"elementor-element elementor-element-035c53f elementor-mobile-align-center elementor-widget elementor-widget-ld_button\" data-id=\"035c53f\" data-element_type=\"widget\" data-e-type=\"widget\" data-widget_type=\"ld_button.default\">\n\t\t\t\t<div class=\"elementor-widget-container\">\n\t\t\t\t\t\n\t\t\t<a\n\t\t\t\thref=\"https:\/\/www.instagram.com\/bocaboca.pt\/\" target=\"_blank\" rel=\"nofollow\"class=\"elementor-button btn btn-solid btn-sm btn-icon-block btn-icon-top btn-has-label\"\t\t\t>\n\t\t\t\t\t\t\t\t\t<span data-text=\"@BOCABOCA.PT\" class=\"btn-txt\">\n\t\t\t\t\t\t@BOCABOCA.PT\t\t\t\t\t<\/span>\n\t\t\t\t\t\t\t\t\t\t\t\t\t\t<span class=\"btn-icon\">\n\t\t\t\t\t\t\t\t\t\t\t\t\t<\/span>\n\t\t\t\t\t\t\t\t\t<\/a>\n\t\t\t\t\t\t\t<\/div>\n\t\t\t\t<\/div>\n\t\t\t\t<div class=\"elementor-element elementor-element-ffd68a2 elementor-mobile-align-center elementor-widget elementor-widget-ld_button\" data-id=\"ffd68a2\" data-element_type=\"widget\" data-e-type=\"widget\" data-widget_type=\"ld_button.default\">\n\t\t\t\t<div class=\"elementor-widget-container\">\n\t\t\t\t\t\n\t\t\t<a\n\t\t\t\thref=\"https:\/\/open.spotify.com\/playlist\/5ss9sRpNCJCJnbiw9O2Qde?si=868c5c3d06414dd7\" target=\"_blank\" rel=\"nofollow\"class=\"elementor-button btn btn-solid btn-sm btn-icon-left btn-has-label\"\t\t\t>\n\t\t\t\t\t\t\t\t\t<span data-text=\"2# PLAYLIST - V.D AP\u00c9RITIF\" class=\"btn-txt\">\n\t\t\t\t\t\t2# PLAYLIST - V.D AP\u00c9RITIF\t\t\t\t\t<\/span>\n\t\t\t\t\t\t\t\t\t\t\t\t\t\t<span class=\"btn-icon\">\n\t\t\t\t\t\t\t<svg aria-hidden=\"true\" class=\"e-font-icon-svg e-fab-spotify\" viewbox=\"0 0 496 512\" xmlns=\"http:\/\/www.w3.org\/2000\/svg\"><path d=\"M248 8C111.1 8 0 119.1 0 256s111.1 248 248 248 248-111.1 248-248S384.9 8 248 8zm100.7 364.9c-4.2 0-6.8-1.3-10.7-3.6-62.4-37.6-135-39.2-206.7-24.5-3.9 1-9 2.6-11.9 2.6-9.7 0-15.8-7.7-15.8-15.8 0-10.3 6.1-15.2 13.6-16.8 81.9-18.1 165.6-16.5 237 26.2 6.1 3.9 9.7 7.4 9.7 16.5s-7.1 15.4-15.2 15.4zm26.9-65.6c-5.2 0-8.7-2.3-12.3-4.2-62.5-37-155.7-51.9-238.6-29.4-4.8 1.3-7.4 2.6-11.9 2.6-10.7 0-19.4-8.7-19.4-19.4s5.2-17.8 15.5-20.7c27.8-7.8 56.2-13.6 97.8-13.6 64.9 0 127.6 16.1 177 45.5 8.1 4.8 11.3 11 11.3 19.7-.1 10.8-8.5 19.5-19.4 19.5zm31-76.2c-5.2 0-8.4-1.3-12.9-3.9-71.2-42.5-198.5-52.7-280.9-29.7-3.6 1-8.1 2.6-12.9 2.6-13.2 0-23.3-10.3-23.3-23.6 0-13.6 8.4-21.3 17.4-23.9 35.2-10.3 74.6-15.2 117.5-15.2 73 0 149.5 15.2 205.4 47.8 7.8 4.5 12.9 10.7 12.9 22.6 0 13.6-11 23.3-23.2 23.3z\"><\/path><\/svg>\t\t\t\t\t\t<\/span>\n\t\t\t\t\t\t\t\t\t<\/a>\n\t\t\t\t\t\t\t<\/div>\n\t\t\t\t<\/div>\n\t\t\t\t<\/div>\n\t\t\t\t<\/div>\n\t\t<div class=\"elementor-element elementor-element-936129e e-con-full e-flex e-con e-child\" data-id=\"936129e\" data-element_type=\"container\" data-e-type=\"container\">\n\t\t\t\t<div class=\"elementor-element elementor-element-f883eb9 elementor-widget elementor-widget-ld_carousel\" data-id=\"f883eb9\" data-element_type=\"widget\" data-e-type=\"widget\" data-widget_type=\"ld_carousel.default\">\n\t\t\t\t<div class=\"elementor-widget-container\">\n\t\t\t\t\t\n\t\t<div class=\"carousel-container pos-rel carousel-nav-shaped\" id=\"\" >\n\n\t\t\t<div class=\"carousel-items pos-rel\"  data-lqd-flickity='{\"marquee\":true,\"percentPosition\":false,\"columnsAutoWidth\":true,\"rightToLeft\":true,\"pauseAutoPlayOnHover\":false}'>\n\n\t\t\t\t\t\t\t\t<div class=\"flickity-viewport pos-rel w-100 overflow-hidden\">\n\t\t\t\t\t<div class=\"flickity-slider d-flex w-100 h-100 pos-rel align-items-start\" style=\"right: 0; transform: translateX(0%);\">\n\t\t\t\t\t\t\t\t\t\t\t\t\t<div class=\"carousel-item d-flex flex-column justify-content-center elementor-repeater-item-e3b6b11\">\n\t\t\t\t\t\t\t\t<div class=\"carousel-item-inner pos-rel w-100\">\n\t\t\t\t\t\t\t\t\t<div class=\"carousel-item-content pos-rel w-100\">\n\n\t\t\t\t\t\t\t\t\t\t<h3 style=\"font-size: 1em; white-space: nowrap; color: #00bf59; border: 2px solid; border-radius: 5em; margin: 2px 0; padding: 0.1em 0.5em;\">REDES SOCIAIS<\/h3>\t\t\t\t\t\t\t\t\t<\/div>\n\t\t\t\t\t\t\t\t<\/div>\n\t\t\t\t\t\t\t<\/div>\n\t\t\t\t\t\t\t\t\t\t\t\t\t<div class=\"carousel-item d-flex flex-column justify-content-center elementor-repeater-item-ca45c09\">\n\t\t\t\t\t\t\t\t<div class=\"carousel-item-inner pos-rel w-100\">\n\t\t\t\t\t\t\t\t\t<div class=\"carousel-item-content pos-rel w-100\">\n\n\t\t\t\t\t\t\t\t\t\t<h3 style=\"font-size: 1em; white-space: nowrap; border: 2px solid; border-radius: 5em; margin: 2px 0; color: #00BF59; padding: 0.1em 0.5em;\">PRESS &amp; PR<\/h3>\t\t\t\t\t\t\t\t\t<\/div>\n\t\t\t\t\t\t\t\t<\/div>\n\t\t\t\t\t\t\t<\/div>\n\t\t\t\t\t\t\t\t\t\t\t\t\t<div class=\"carousel-item d-flex flex-column justify-content-center elementor-repeater-item-68d70e0\">\n\t\t\t\t\t\t\t\t<div class=\"carousel-item-inner pos-rel w-100\">\n\t\t\t\t\t\t\t\t\t<div class=\"carousel-item-content pos-rel w-100\">\n\n\t\t\t\t\t\t\t\t\t\t<h3 style=\"font-size: 1em; white-space: nowrap; color: #00BF59; border: 2px solid; border-radius: 5em; margin: 2px 0; padding: 0.1em 0.5em;\">BRANDING &amp; DESIGN<\/h3>\t\t\t\t\t\t\t\t\t<\/div>\n\t\t\t\t\t\t\t\t<\/div>\n\t\t\t\t\t\t\t<\/div>\n\t\t\t\t\t\t\t\t\t\t\t\t\t<div class=\"carousel-item d-flex flex-column justify-content-center elementor-repeater-item-731fbae\">\n\t\t\t\t\t\t\t\t<div class=\"carousel-item-inner pos-rel w-100\">\n\t\t\t\t\t\t\t\t\t<div class=\"carousel-item-content pos-rel w-100\">\n\n\t\t\t\t\t\t\t\t\t\t<h3 style=\"font-size: 1em; white-space: nowrap; color: #00BF59; border: 2px solid; border-radius: 5em; margin: 2px 0; padding: 0.1em 0.5em;\">PERFORMANCE &amp; ADS<\/h3>\t\t\t\t\t\t\t\t\t<\/div>\n\t\t\t\t\t\t\t\t<\/div>\n\t\t\t\t\t\t\t<\/div>\n\t\t\t\t\t\t\t\t\t\t\t<\/div>\n\t\t\t\t<\/div>\n\t\t\t<\/div>\n\t\t\t\n\t\t\t\n\t\t<\/div>\n\t\t\t\t\t\t<\/div>\n\t\t\t\t<\/div>\n\t\t\t\t<div class=\"elementor-element elementor-element-314928b elementor-widget elementor-widget-ld_carousel\" data-id=\"314928b\" data-element_type=\"widget\" data-e-type=\"widget\" data-widget_type=\"ld_carousel.default\">\n\t\t\t\t<div class=\"elementor-widget-container\">\n\t\t\t\t\t\n\t\t<div class=\"carousel-container pos-rel carousel-nav-shaped\" id=\"\" >\n\n\t\t\t<div class=\"carousel-items pos-rel\"  data-lqd-flickity='{\"marquee\":true,\"percentPosition\":false,\"columnsAutoWidth\":true,\"pauseAutoPlayOnHover\":false}'>\n\n\t\t\t\t\t\t\t\t<div class=\"flickity-viewport pos-rel w-100 overflow-hidden\">\n\t\t\t\t\t<div class=\"flickity-slider d-flex w-100 h-100 pos-rel align-items-start\" style=\"left: 0; transform: translateX(0%);\">\n\t\t\t\t\t\t\t\t\t\t\t\t\t<div class=\"carousel-item d-flex flex-column justify-content-center elementor-repeater-item-6d338f0\">\n\t\t\t\t\t\t\t\t<div class=\"carousel-item-inner pos-rel w-100\">\n\t\t\t\t\t\t\t\t\t<div class=\"carousel-item-content pos-rel w-100\">\n\n\t\t\t\t\t\t\t\t\t\t<h3 style=\"font-size: 1em; white-space: nowrap; color: #00BF59; border: 2px solid; border-radius: 5em; margin: 2px 0; padding: 0.1em 0.5em;\">GEST\u00c3O DE PARCEIROS<\/h3>\t\t\t\t\t\t\t\t\t<\/div>\n\t\t\t\t\t\t\t\t<\/div>\n\t\t\t\t\t\t\t<\/div>\n\t\t\t\t\t\t\t\t\t\t\t\t\t<div class=\"carousel-item d-flex flex-column justify-content-center elementor-repeater-item-e3b6b11\">\n\t\t\t\t\t\t\t\t<div class=\"carousel-item-inner pos-rel w-100\">\n\t\t\t\t\t\t\t\t\t<div class=\"carousel-item-content pos-rel w-100\">\n\n\t\t\t\t\t\t\t\t\t\t<h3 style=\"font-size: 1em; white-space: nowrap; color: #00BF59; border: 2px solid; border-radius: 5em; margin: 2px 0; padding: 0.1em 0.5em;\">CONSULTORIA F&amp;B<\/h3>\t\t\t\t\t\t\t\t\t<\/div>\n\t\t\t\t\t\t\t\t<\/div>\n\t\t\t\t\t\t\t<\/div>\n\t\t\t\t\t\t\t\t\t\t\t\t\t<div class=\"carousel-item d-flex flex-column justify-content-center elementor-repeater-item-d94ccd0\">\n\t\t\t\t\t\t\t\t<div class=\"carousel-item-inner pos-rel w-100\">\n\t\t\t\t\t\t\t\t\t<div class=\"carousel-item-content pos-rel w-100\">\n\n\t\t\t\t\t\t\t\t\t\t<h3 style=\"font-size: 1em; white-space: nowrap; color: #00BF59; border: 2px solid; border-radius: 5em; margin: 2px 0; padding: 0.1em 0.5em;\">ESTRAT\u00c9GIA DE MARKETING<\/h3>\t\t\t\t\t\t\t\t\t<\/div>\n\t\t\t\t\t\t\t\t<\/div>\n\t\t\t\t\t\t\t<\/div>\n\t\t\t\t\t\t\t\t\t\t\t\t\t<div class=\"carousel-item d-flex flex-column justify-content-center elementor-repeater-item-c0af33f\">\n\t\t\t\t\t\t\t\t<div class=\"carousel-item-inner pos-rel w-100\">\n\t\t\t\t\t\t\t\t\t<div class=\"carousel-item-content pos-rel w-100\">\n\n\t\t\t\t\t\t\t\t\t\t<h3 style=\"font-size: 1em; white-space: nowrap; color: #00BF59; border: 2px solid; border-radius: 5em; margin: 2px 0; padding: 0.1em 0.5em;\">EVENTOS<\/h3>\t\t\t\t\t\t\t\t\t<\/div>\n\t\t\t\t\t\t\t\t<\/div>\n\t\t\t\t\t\t\t<\/div>\n\t\t\t\t\t\t\t\t\t\t\t<\/div>\n\t\t\t\t<\/div>\n\t\t\t<\/div>\n\t\t\t\n\t\t\t\n\t\t<\/div>\n\t\t\t\t\t\t<\/div>\n\t\t\t\t<\/div>\n\t\t\t\t<div class=\"elementor-element elementor-element-3a8b8be elementor-widget elementor-widget-ld_carousel\" data-id=\"3a8b8be\" data-element_type=\"widget\" data-e-type=\"widget\" data-widget_type=\"ld_carousel.default\">\n\t\t\t\t<div class=\"elementor-widget-container\">\n\t\t\t\t\t\n\t\t<div class=\"carousel-container pos-rel carousel-nav-shaped yes\" id=\"\" >\n\n\t\t\t<div class=\"carousel-items pos-rel\"  data-lqd-flickity='{\"marquee\":true,\"percentPosition\":false,\"columnsAutoWidth\":true,\"rightToLeft\":true,\"draggable\":false,\"pauseAutoPlayOnHover\":false}'>\n\n\t\t\t\t\t\t\t\t<div class=\"flickity-viewport pos-rel w-100 overflow-hidden\">\n\t\t\t\t\t<div class=\"flickity-slider d-flex w-100 h-100 pos-rel align-items-start\" style=\"right: 0; transform: translateX(0%);\">\n\t\t\t\t\t\t\t\t\t\t\t\t\t<div class=\"carousel-item d-flex flex-column justify-content-center elementor-repeater-item-e3b6b11\">\n\t\t\t\t\t\t\t\t<div class=\"carousel-item-inner pos-rel w-100\">\n\t\t\t\t\t\t\t\t\t<div class=\"carousel-item-content pos-rel w-100\">\n\n\t\t\t\t\t\t\t\t\t\t<h3 style=\"font-size: 1em; white-space: nowrap; border: 2px solid; color: #00BF59; border-radius: 5em; margin: 2px 0; padding: 0.1em 0.5em;\">EMAIL MARKETING<\/h3>\t\t\t\t\t\t\t\t\t<\/div>\n\t\t\t\t\t\t\t\t<\/div>\n\t\t\t\t\t\t\t<\/div>\n\t\t\t\t\t\t\t\t\t\t\t\t\t<div class=\"carousel-item d-flex flex-column justify-content-center elementor-repeater-item-86279f2\">\n\t\t\t\t\t\t\t\t<div class=\"carousel-item-inner pos-rel w-100\">\n\t\t\t\t\t\t\t\t\t<div class=\"carousel-item-content pos-rel w-100\">\n\n\t\t\t\t\t\t\t\t\t\t<h3 style=\"font-size: 1em; white-space: nowrap; color: #00BF59; border: 2px solid; border-radius: 5em; margin: 2px 0; padding: 0.1em 0.5em;\">PRODU\u00c7\u00c3O DE CONTE\u00daDOS<\/h3>\t\t\t\t\t\t\t\t\t<\/div>\n\t\t\t\t\t\t\t\t<\/div>\n\t\t\t\t\t\t\t<\/div>\n\t\t\t\t\t\t\t\t\t\t\t\t\t<div class=\"carousel-item d-flex flex-column justify-content-center elementor-repeater-item-6d338f0\">\n\t\t\t\t\t\t\t\t<div class=\"carousel-item-inner pos-rel w-100\">\n\t\t\t\t\t\t\t\t\t<div class=\"carousel-item-content pos-rel w-100\">\n\n\t\t\t\t\t\t\t\t\t\t<h3 style=\"font-size: 1em; white-space: nowrap; color: #00BF59; border: 2px solid; border-radius: 5em; margin: 2px 0; padding: 0.1em 0.5em;\">B2B<\/h3>\t\t\t\t\t\t\t\t\t<\/div>\n\t\t\t\t\t\t\t\t<\/div>\n\t\t\t\t\t\t\t<\/div>\n\t\t\t\t\t\t\t\t\t\t\t\t\t<div class=\"carousel-item d-flex flex-column justify-content-center elementor-repeater-item-d94ccd0\">\n\t\t\t\t\t\t\t\t<div class=\"carousel-item-inner pos-rel w-100\">\n\t\t\t\t\t\t\t\t\t<div class=\"carousel-item-content pos-rel w-100\">\n\n\t\t\t\t\t\t\t\t\t\t<h3 style=\"font-size: 1em; white-space: nowrap; color: #00BF59; border: 2px solid; border-radius: 5em; margin: 2px 0; padding: 0.1em 0.5em;\">MARCAS E INFLUENCERS<\/h3>\t\t\t\t\t\t\t\t\t<\/div>\n\t\t\t\t\t\t\t\t<\/div>\n\t\t\t\t\t\t\t<\/div>\n\t\t\t\t\t\t\t\t\t\t\t\t\t<div class=\"carousel-item d-flex flex-column justify-content-center elementor-repeater-item-c0af33f\">\n\t\t\t\t\t\t\t\t<div class=\"carousel-item-inner pos-rel w-100\">\n\t\t\t\t\t\t\t\t\t<div class=\"carousel-item-content pos-rel w-100\">\n\n\t\t\t\t\t\t\t\t\t\t<h3 style=\"font-size: 1em; white-space: nowrap; color: #00BF59; border: 2px solid; border-radius: 5em; margin: 2px 0; padding: 0.1em 0.5em;\">ADS<\/h3>\t\t\t\t\t\t\t\t\t<\/div>\n\t\t\t\t\t\t\t\t<\/div>\n\t\t\t\t\t\t\t<\/div>\n\t\t\t\t\t\t\t\t\t\t\t<\/div>\n\t\t\t\t<\/div>\n\t\t\t<\/div>\n\t\t\t\n\t\t\t\n\t\t<\/div>\n\t\t\t\t\t\t<\/div>\n\t\t\t\t<\/div>\n\t\t\t\t<\/div>\n\t\t\t\t<\/div>\n\t\t<div class=\"elementor-element elementor-element-7da2c2a e-con-full e-flex e-con e-parent\" data-id=\"7da2c2a\" data-element_type=\"container\" data-e-type=\"container\" data-settings=\"{&quot;background_background&quot;:&quot;classic&quot;}\">\n\t\t\t\t<div class=\"elementor-element elementor-element-be2bb7a elementor-widget__width-inherit elementor-widget elementor-widget-text-editor\" data-id=\"be2bb7a\" data-element_type=\"widget\" data-e-type=\"widget\" data-widget_type=\"text-editor.default\">\n\t\t\t\t<div class=\"elementor-widget-container\">\n\t\t\t\t\t\t\t\t\t<p>Chuva d&#8217; Papoilas Lda \u2022 PT516 060 171 \u2022 Rua do Meio \u00e0 Lapa, n\u00ba 1, c\/v Dta, 1200-721, Lisboa<\/p>\t\t\t\t\t\t\t\t<\/div>\n\t\t\t\t<\/div>\n\t\t\t\t<\/div>\n\t\t\t\t<\/div>","protected":false},"excerpt":{"rendered":"<p>O que \u00e9 preciso para te levar a jantar? OLA@BOCABOCA.PT @BOCABOCA.PT 2# PLAYLIST &#8211; V.D AP\u00c9RITIF REDES SOCIAIS PRESS &amp; PR BRANDING &amp; DESIGN PERFORMANCE &amp; ADS GEST\u00c3O DE PARCEIROS CONSULTORIA F&amp;B ESTRAT\u00c9GIA DE MARKETING EVENTOS EMAIL MARKETING PRODU\u00c7\u00c3O DE CONTE\u00daDOS B2B MARCAS E INFLUENCERS ADS Chuva d&#8217; Papoilas Lda \u2022 PT516 060 171 \u2022 [&hellip;]<\/p>","protected":false},"author":1,"featured_media":0,"parent":0,"menu_order":0,"comment_status":"closed","ping_status":"closed","template":"elementor_canvas","meta":{"om_disable_all_campaigns":false,"_monsterinsights_skip_tracking":false,"_monsterinsights_sitenote_active":false,"_monsterinsights_sitenote_note":"","_monsterinsights_sitenote_category":0,"footnotes":""},"class_list":["post-12","page","type-page","status-publish","hentry"],"aioseo_notices":[],"_links":{"self":[{"href":"https:\/\/bocaboca.pt\/en\/wp-json\/wp\/v2\/pages\/12","targetHints":{"allow":["GET"]}}],"collection":[{"href":"https:\/\/bocaboca.pt\/en\/wp-json\/wp\/v2\/pages"}],"about":[{"href":"https:\/\/bocaboca.pt\/en\/wp-json\/wp\/v2\/types\/page"}],"author":[{"embeddable":true,"href":"https:\/\/bocaboca.pt\/en\/wp-json\/wp\/v2\/users\/1"}],"replies":[{"embeddable":true,"href":"https:\/\/bocaboca.pt\/en\/wp-json\/wp\/v2\/comments?post=12"}],"version-history":[{"count":0,"href":"https:\/\/bocaboca.pt\/en\/wp-json\/wp\/v2\/pages\/12\/revisions"}],"wp:attachment":[{"href":"https:\/\/bocaboca.pt\/en\/wp-json\/wp\/v2\/media?parent=12"}],"curies":[{"name":"wp","href":"https:\/\/api.w.org\/{rel}","templated":true}]}}